{"id":22,"date":"2017-01-24T05:42:20","date_gmt":"2017-01-24T10:42:20","guid":{"rendered":"http:\/\/indiegroundthemes.com\/journey\/version4\/?page_id=22"},"modified":"2019-06-04T16:18:49","modified_gmt":"2019-06-04T16:18:49","slug":"about","status":"publish","type":"page","link":"https:\/\/dobrygastrolog.pl\/?page_id=22","title":{"rendered":"O Mnie"},"content":{"rendered":"<p>[vc_row][vc_column][vc_custom_heading text=&#8221;O mnie&#8221; font_container=&#8221;tag:h1|text_align:center|color:%232ebfc8&#8243; google_fonts=&#8221;font_family:Montserrat%3Aregular%2C700|font_style:700%20bold%20regular%3A700%3Anormal&#8221;][vc_separator][vc_empty_space][vc_custom_heading text=&#8221;Medycyna to moja wielka pasja i fascynacja od najm\u0142odszych lat.&#8221; font_container=&#8221;tag:h3|text_align:center&#8221; google_fonts=&#8221;font_family:Montserrat%3Aregular%2C700|font_style:400%20regular%3A400%3Anormal&#8221;][vc_separator][vc_empty_space][\/vc_column][\/vc_row][vc_row][vc_column width=&#8221;1\/2&#8243;][vc_column_text]W swojej pracy realizuj\u0119 moje idea\u0142y i wyobra\u017cenia o dobrej rzetelnej medycynie zorientowanej \u015bci\u015ble na pacjenta i otwartej na cz\u0142owieka.<\/p>\n<p>Uwa\u017cam, \u017ce podstaw\u0105 diagnostyki, leczenia i skutecznej pomocy moim Pacjentom jest odpowiedni czas po\u015bwi\u0119cony na kompleksow\u0105 rozmow\u0119, poznanie problem\u00f3w zdrowotnych i uwarunkowa\u0144, kt\u00f3re mog\u0105 je powodowa\u0107. W prawdziwej medycynie nie powinno by\u0107 dr\u00f3g na skr\u00f3ty, po\u015bpiechu i uproszcze\u0144.<\/p>\n<p>Dobra relacja z pacjentem i holistyczne wszechstronne podej\u015bcie do choroby pozwala mi wsp\u00f3lnie z pacjentami uzyskiwa\u0107 najlepsze efekty leczenia i rozwi\u0105zywa\u0107 skuteczniej problemy ze zdrowiem.<\/p>\n<p>Zdobywaj\u0105c przez wiele lat kolejne szczeble kariery lekarza i naukowca, kolejne sukcesy, tytu\u0142y i specjalizacje, bardzo dobrze pozna\u0142am realia polskiej s\u0142u\u017cby zdrowia.<\/p>\n<p>Konfrontuj\u0105c je z do\u015bwiadczeniem uzyskanym z kszta\u0142cenia i pracy za granic\u0105, postawi\u0142am sobie stanowczo za cel, aby m\u00f3j pi\u0119kny zaw\u00f3d realizowa\u0107 w spos\u00f3b, kt\u00f3ry przynosi satysfakcj\u0119, rado\u015b\u0107 i wymierne efekty dla pacjent\u00f3w.<\/p>\n<p>Marzenie to konsekwentnie realizuj\u0119 w swojej codziennej pracy i wiem, \u017ce marzenia si\u0119 spe\u0142niaj\u0105.<\/p>\n<p>Rzetelna medycyna oparta na zaufaniu i dobrej relacji terapeutycznej z Pacjentami jest mo\u017cliwa \ud83d\ude42<\/p>\n<p>W swojej pracy skupiam si\u0119 na r\u00f3\u017cnych aspektach wp\u0142ywaj\u0105cych na zdrowie cz\u0142owieka. Bior\u0119 pod uwag\u0119 tryb \u017cycia, spos\u00f3b od\u017cywania (diet\u0119), uwarunkowania psychologiczne i rodzinne chor\u00f3b,\u00a0 a tak\u017ce problemy psychologiczne zwi\u0105zane z \u017cyciem w stresie i napi\u0119ciu.[\/vc_column_text][vc_empty_space][vc_message message_box_color=&#8221;turquoise&#8221; icon_fontawesome=&#8221;fa fa-stethoscope&#8221;]Jako lekarz gastroenterolog zajmuj\u0119 si\u0119 przede wszystkim chorobami przewodu pokarmowego, jednak staram si\u0119 traktowa\u0107 problemy ze zdrowiem moich pacjent\u00f3w ca\u0142o\u015bciowo. Jestem r\u00f3wnie\u017c specjalist\u0105 chor\u00f3b wewn\u0119trznych (internist\u0105).[\/vc_message][\/vc_column][vc_column width=&#8221;1\/2&#8243;][vc_message message_box_color=&#8221;turquoise&#8221; icon_fontawesome=&#8221;fa fa-user-md&#8221;]Jestem zwolennikiem wiedzy, nauki i racjonalnego podej\u015bcia do swojego zawodu.[\/vc_message][vc_column_text]Staram si\u0119 w swojej pracy opiera\u0107 na najnowszych osi\u0105gni\u0119ciach medycyny oraz na udowodnionych metodach post\u0119powania lekarskiego. Rzetelno\u015bci, wiarygodno\u015bci i profesjonalizmu oczekuj\u0105 ode mnie moi Pacjenci. Wymaga tego ode mnie r\u00f3wnie\u017c etyka zawodowa.<\/p>\n<p>Jednak jestem zawsze otwarta na dialog, pytania i w\u0105tpliwo\u015bci ze strony Pacjent\u00f3w zwi\u0105zane z tzw. alternatywnymi sposobami leczenia. Niekt\u00f3re z nich stanowi\u0105 mity i nieprawd\u0119 oraz cz\u0119sto mog\u0105 wr\u0119cz przynie\u015b\u0107 wiele szkody dla zdrowia. Cz\u0119\u015b\u0107\u00a0 natomiast mo\u017ce by\u0107 cennym uzupe\u0142nieniem klasycznej medycyny.<\/p>\n<p>Ho\u0142duj\u0119 wieloletniej zasadzie medycyny\u00a0 <em>primum non nocere<\/em> (\u0142ac. po pierwsze nie szkodzi\u0107), ale zawsze g\u0142\u00f3wn\u0105 moj\u0105 intencj\u0105 jest d\u0105\u017cenie do trafnej diagnozy oraz uzyskania najlepszego efektu leczenia.[\/vc_column_text][\/vc_column][\/vc_row]<\/p>\n","protected":false},"excerpt":{"rendered":"<p>[vc_row][vc_column][vc_custom_heading text=&#8221;O mnie&#8221; font_container=&#8221;tag:h1|text_align:center|color:%232ebfc8&#8243; google_fonts=&#8221;font_family:Montserrat%3Aregular%2C700|font_style:700%20bold%20regular%3A700%3Anormal&#8221;][vc_separator][vc_empty_space][vc_custom_heading text=&#8221;Medycyna to moja wielka pasja i fascynacja od najm\u0142odszych lat.&#8221; font_container=&#8221;tag:h3|text_align:center&#8221; google_fonts=&#8221;font_family:Montserrat%3Aregular%2C700|font_style:400%20regular%3A400%3Anormal&#8221;][vc_separator][vc_empty_space][\/vc_column][\/vc_row][vc_row][vc_column width=&#8221;1\/2&#8243;][vc_column_text]W swojej pracy realizuj\u0119 moje idea\u0142y i wyobra\u017cenia o dobrej rzetelnej medycynie zorientowanej \u015bci\u015ble na pacjenta i otwartej na cz\u0142owieka. Uwa\u017cam, \u017ce podstaw\u0105 diagnostyki, leczenia i skutecznej pomocy moim Pacjentom jest odpowiedni czas po\u015bwi\u0119cony na kompleksow\u0105 rozmow\u0119, poznanie [&hellip;]<\/p>\n","protected":false},"author":1,"featured_media":0,"parent":0,"menu_order":0,"comment_status":"closed","ping_status":"closed","template":"template-page-full.php","meta":{"_expiration-date-status":"","_expiration-date":0,"_expiration-date-type":"","_expiration-date-categories":[],"_expiration-date-options":[]},"acf":[],"_links":{"self":[{"href":"https:\/\/dobrygastrolog.pl\/index.php?rest_route=\/wp\/v2\/pages\/22"}],"collection":[{"href":"https:\/\/dobrygastrolog.pl\/index.php?rest_route=\/wp\/v2\/pages"}],"about":[{"href":"https:\/\/dobrygastrolog.pl\/index.php?rest_route=\/wp\/v2\/types\/page"}],"author":[{"embeddable":true,"href":"https:\/\/dobrygastrolog.pl\/index.php?rest_route=\/wp\/v2\/users\/1"}],"replies":[{"embeddable":true,"href":"https:\/\/dobrygastrolog.pl\/index.php?rest_route=%2Fwp%2Fv2%2Fcomments&post=22"}],"version-history":[{"count":10,"href":"https:\/\/dobrygastrolog.pl\/index.php?rest_route=\/wp\/v2\/pages\/22\/revisions"}],"predecessor-version":[{"id":1298,"href":"https:\/\/dobrygastrolog.pl\/index.php?rest_route=\/wp\/v2\/pages\/22\/revisions\/1298"}],"wp:attachment":[{"href":"https:\/\/dobrygastrolog.pl\/index.php?rest_route=%2Fwp%2Fv2%2Fmedia&parent=22"}],"curies":[{"name":"wp","href":"https:\/\/api.w.org\/{rel}","templated":true}]}}