{"id":1361,"date":"2022-03-03T19:53:57","date_gmt":"2022-03-03T19:53:57","guid":{"rendered":"https:\/\/dobrygastrolog.pl\/?page_id=1361"},"modified":"2022-03-03T19:53:57","modified_gmt":"2022-03-03T19:53:57","slug":"polityka-prywatnosci","status":"publish","type":"page","link":"https:\/\/dobrygastrolog.pl\/?page_id=1361","title":{"rendered":"Polityka Prywatno\u015bci"},"content":{"rendered":"<p>1. Administratorem Pa\u0144stwa danych osobowych jest dr Karolina Radwan prowadz\u0105ca Specjalistyczny Gabinet Lekarski, zarejestrowany pod adresem: ul. Szarych Szereg\u00f3w nr 4, lok. 7, 20 \u2013 047 Lublin, NIP: 7122544093, REGON: 061626574, wpisana do rejestru podmiot\u00f3w wykonuj\u0105cych dzia\u0142alno\u015b\u0107 lecznicz\u0105 prowadzonego przez Wojewod\u0119 Mazowieckiego pod numerem ksi\u0119gi rejestrowej 000000164405, dalej: \u201eAdministrator\u201d lub \u201eAutor\u201d.<\/p>\n<p>2. Administrator w zwi\u0105zku prowadzon\u0105 dzia\u0142alno\u015bci\u0105 lecznicz\u0105 zbiera i przetwarza w szczeg\u00f3lno\u015bci nast\u0119puj\u0105ce dane osobowe: imi\u0119 (imiona) i nazwisko, numer telefonu, adres e-mail, numer PESEL, adres, numer rachunku bankowego, a tak\u017ce dane wra\u017cliwe, m.in. dotycz\u0105ce zdrowia.<\/p>\n<p>3. Dane osobowe zbierane przez Administratora s\u0105 przetwarzane zgodnie z przepisami dotycz\u0105cymi ochrony danych osobowych, w tym rozporz\u0105dzenia Parlamentu Europejskiego i Rady (UE) 2016\/697 z 27 kwietnia 2016 r. w sprawie ochrony os\u00f3b fizycznych w zwi\u0105zku z przetwarzaniem danych osobowych i w sprawie swobodnego przep\u0142ywu takich danych oraz uchylenia dyrektywy 95\/46\/WE (og\u00f3lne rozporz\u0105dzenie o ochronie danych osobowych), dalej, jako: \u201eRODO\u201d oraz ustawy z 10 maja 2018 o ochronie danych osobowych (Dz. U. z 2018 r., poz. 1000 ze zm.), dalej jako: \u201eUstawa\u201d.<\/p>\n<p>4. Dane osobowe przetwarzane b\u0119d\u0105 w zwi\u0105zku z prowadzon\u0105 dzielno\u015bci\u0105 lecznicz\u0105 w celu zapewnienia opieki zdrowotnej zgodnie z przepisami ustawy z 6 listopada 2008 o prawach pacjenta i Rzeczniku Praw Pacjenta oraz ustawy z 15 kwietnia 2011 o dzia\u0142alno\u015bci leczniczej, a tak\u017ce w celu wykonania Pa\u0144stwa zam\u00f3wie\u0144 na publikacje w\u0142asne Autora wzgl\u0119dnie r\u00f3wnie\u017c w celu ewentualnej obrony, ustalenia lub dochodzenia roszcze\u0144 w zwi\u0105zku z zawartymi umowami.<\/p>\n<p>5. Podstaw\u0105 przetwarzania danych jest, co do zasady dobrowolna zgoda osoby, kt\u00f3rej dane dotycz\u0105 (art. 6 ust. 1 lit a RODO), a nadto:<\/p>\n<p>a) art. 9 ust. 2 lit. h) RODO w zakresie danych osobowych o stanie zdrowia,<\/p>\n<p>b) art. 6 ust. 1 lit c RODO w zakresie danych osobowych niezb\u0119dnych do wype\u0142nienia obowi\u0105zku prawnego ci\u0105\u017c\u0105cego na Administratorze,<\/p>\n<p>c) art. 6 ust. 1 lit b RODO) tj. prawnie uzasadniony interes Administratora i osoby, kt\u00f3rej dane dotycz\u0105, polegaj\u0105cy na w\u0142a\u015bciwym wykonaniu \u015bwiadczonej us\u0142ugi lub wykonaniu zawartej umowy<\/p>\n<p>6. Podanie danych osobowych jest dobrowolne, jednak\u017ce niezb\u0119dne do realizacji ww. cel\u00f3w. Konsekwencj\u0105 niepodania danych b\u0119dzie odmowa udzielenia \u015bwiadcze\u0144 lub wykonania zam\u00f3wienia na publikacje w\u0142asne Autora.<\/p>\n<p>7. Administrator stosuje odpowiednie \u015brodki techniczne i organizacyjne zapewniaj\u0105ce jak najlepsze zabezpieczenie zebranych danych przed niedozwolonym lub niezgodnym z prawem przetwarzaniem, nieuprawnionym dost\u0119pem, przypadkow\u0105 utrat\u0105, zniszczeniem lub uszkodzeniem na zasadach wynikaj\u0105cych z wy\u017cej wskazanych przepis\u00f3w reguluj\u0105cych zasady bezpiecze\u0144stwa przetwarzania danych osobowych.<\/p>\n<p>8. Administrator zabezpiecza posiadane dane osobowe przed niepowo\u0142anym dost\u0119pem os\u00f3b trzecich. Dost\u0119p do aplikacji i dokument\u00f3w zawieraj\u0105cych dane osobowe posiadaj\u0105 wy\u0142\u0105cznie osoby uprawnione i tylko w niezb\u0119dnym zakresie, za\u015b dost\u0119p do dokument\u00f3w i system\u00f3w jest odpowiednio zabezpieczony i reglamentowany.<\/p>\n<p>9. Pa\u0144stwa dane osobowe pozyskane dla cel\u00f3w \u015bwiadcze\u0144 zdrowotnych b\u0119d\u0105 przechowywane przez okres wynikaj\u0105cy z ustawy z dnia 6 listopada 2008 r. o prawach pacjenta i Rzeczniku Praw Pacjenta od momentu ich uzyskania lub ostatniej aktualizacji, a pozyskane w zwi\u0105zku z zam\u00f3wieniem na publikacje w\u0142asne Autora przez czas wymagany w\u0142a\u015bciwymi przepisami prawa, w tym m.in. przepisami ustawy o rachunkowo\u015bci w razie wystawienia faktur przez Administratora.<\/p>\n<p>10. Ka\u017cda osoba, kt\u00f3rej dane osobowe s\u0105 przetwarzane przez Administratora ma prawo dost\u0119pu do tre\u015bci swoich danych oraz prawo do ich sprostowania, usuni\u0119cia, ograniczenia przetwarzania, prawo do przenoszenia danych oraz prawo do cofni\u0119cia zgody.<\/p>\n<p>11. W przypadku naruszenia przepis\u00f3w RODO osoba, kt\u00f3rej dane dotycz\u0105 ma prawo do wniesienia skargi do Prezesa Urz\u0119du Ochrony Danych Osobowych w Warszawie.<\/p>\n<p>12. Administrator nie podejmuje decyzji opartych na zautomatyzowanym profilowaniu w oparciu o Pa\u0144stwa dane osobowe.<\/p>\n<p>13. Pa\u0144stwa dane osobowe mog\u0105 by\u0107 udost\u0119pnione innym uprawnionym podmiotom, na podstawie przepis\u00f3w prawa, a tak\u017ce na rzecz podmiot\u00f3w, z kt\u00f3rymi Aadministrator zawar\u0142 umow\u0119 powierzenia przetwarzania danych w zwi\u0105zku z realizacj\u0105 us\u0142ug na rzecz administratora (np. kancelari\u0105 prawn\u0105, dostawc\u0105 oprogramowania, zewn\u0119trznym audytorem, zleceniobiorc\u0105 \u015bwiadcz\u0105cym us\u0142ug\u0119 z zakresu ochrony danych osobowych).<\/p>\n<p>14. Administrator nie zamierza przekazywa\u0107 Pa\u0144stwa danych osobowych do pa\u0144stwa trzeciego lub organizacji mi\u0119dzynarodowej, za\u015b w przypadku zamiaru przekazania Pa\u0144stwa danych poza obszar Europejskiego Obszaru Gospodarczego zostan\u0105 Pa\u0144stwo poinformowani o tym facie. W takim przypadku przys\u0142uguje Pa\u0144stwu prawo wycofania zgody na transfer danych poza Obsza EOG.<\/p>\n<p>&nbsp;<\/p>\n<p style=\"text-align: center;\"><b>POLITYKA PLIK\u00d3W COOKIES<\/b><\/p>\n<p>1. Podczas korzystania ze strony internetowej Administratora www.dobrygastrolog.pl w komputerze u\u017cytkownika zapisywane s\u0105 ma\u0142e pliki tekstowe w formie tzw. ciasteczek (ang. cookies). Pliki cookies dostarczaj\u0105 us\u0142ugodawcom danych statystycznych o ruchu u\u017cytkownik\u00f3w i korzystaniu przez nich z serwer\u00f3w internetowych, s\u0105 zarazem nieszkodliwe ani dla komputera, ani dla oprogramowania, ani dla ich u\u017cytkownika i jego danych. Za pomoc\u0105 plik\u00f3w cookies nie s\u0105 przetwarzane dane osobowe u\u017cytkownika.<\/p>\n<p>2. Warunkiem dzia\u0142ania plik\u00f3w cookies jest ich akceptacja przez przegl\u0105dark\u0119 i nie usuwanie ich z dysku. W wielu przypadkach przegl\u0105darki domy\u015blnie dopuszczaj\u0105 przechowywanie plik\u00f3w cookies. U\u017cytkownik mo\u017ce jednak skonfigurowa\u0107 przegl\u0105dark\u0119 w taki spos\u00f3b, aby odmawia\u0142a zapisywania plik\u00f3w cookies na jego urz\u0105dzeniu. Nale\u017cy jednak mie\u0107 \u015bwiadomo\u015b\u0107, \u017ce w razie blokowania plik\u00f3w cookies us\u0142uga lub jej poszczeg\u00f3lne funkcjonalno\u015bci mog\u0105 nie dzia\u0142a\u0107 w\u0142a\u015bciwie.<\/p>\n<p>3. W razie jakichkolwiek pyta\u0144 dotycz\u0105cych przetwarzania danych osobowych w Kancelarii prosimy o kontakt na adres: karolina.radwan@gmail.com<\/p>\n","protected":false},"excerpt":{"rendered":"<p>1. Administratorem Pa\u0144stwa danych osobowych jest dr Karolina Radwan prowadz\u0105ca Specjalistyczny Gabinet Lekarski, zarejestrowany pod adresem: ul. Szarych Szereg\u00f3w nr 4, lok. 7, 20 \u2013 047 Lublin, NIP: 7122544093, REGON: 061626574, wpisana do rejestru podmiot\u00f3w wykonuj\u0105cych dzia\u0142alno\u015b\u0107 lecznicz\u0105 prowadzonego przez Wojewod\u0119 Mazowieckiego pod numerem ksi\u0119gi rejestrowej 000000164405, dalej: \u201eAdministrator\u201d lub \u201eAutor\u201d. 2. Administrator w zwi\u0105zku [&hellip;]<\/p>\n","protected":false},"author":1,"featured_media":0,"parent":0,"menu_order":0,"comment_status":"closed","ping_status":"closed","template":"","meta":{"_expiration-date-status":"","_expiration-date":0,"_expiration-date-type":"","_expiration-date-categories":[],"_expiration-date-options":[]},"acf":[],"_links":{"self":[{"href":"https:\/\/dobrygastrolog.pl\/index.php?rest_route=\/wp\/v2\/pages\/1361"}],"collection":[{"href":"https:\/\/dobrygastrolog.pl\/index.php?rest_route=\/wp\/v2\/pages"}],"about":[{"href":"https:\/\/dobrygastrolog.pl\/index.php?rest_route=\/wp\/v2\/types\/page"}],"author":[{"embeddable":true,"href":"https:\/\/dobrygastrolog.pl\/index.php?rest_route=\/wp\/v2\/users\/1"}],"replies":[{"embeddable":true,"href":"https:\/\/dobrygastrolog.pl\/index.php?rest_route=%2Fwp%2Fv2%2Fcomments&post=1361"}],"version-history":[{"count":1,"href":"https:\/\/dobrygastrolog.pl\/index.php?rest_route=\/wp\/v2\/pages\/1361\/revisions"}],"predecessor-version":[{"id":1362,"href":"https:\/\/dobrygastrolog.pl\/index.php?rest_route=\/wp\/v2\/pages\/1361\/revisions\/1362"}],"wp:attachment":[{"href":"https:\/\/dobrygastrolog.pl\/index.php?rest_route=%2Fwp%2Fv2%2Fmedia&parent=1361"}],"curies":[{"name":"wp","href":"https:\/\/api.w.org\/{rel}","templated":true}]}}